{"id":4897,"date":"2025-11-28T18:21:08","date_gmt":"2025-11-28T21:21:08","guid":{"rendered":"http:\/\/127.0.0.1\/retechoutdoor\/index.php\/producto\/lente-solar-julbo-trek-used\/"},"modified":"2025-11-28T22:15:21","modified_gmt":"2025-11-29T01:15:21","slug":"lente-solar-julbo-trek-used","status":"publish","type":"product","link":"https:\/\/retechoutdoor.com.ar\/index.php\/producto\/lente-solar-julbo-trek-used\/","title":{"rendered":"Lente Solar Julbo Trek"},"content":{"rendered":"<p>Lentes Julbo Trek con protecci\u00f3n UV categor\u00eda 4, dise\u00f1ados para alta monta\u00f1a. Incluyen correa el\u00e1stica, ventilaci\u00f3n frontal y patillas ajustables. Perfectos para nieve y trekking de altura.<\/p>\n","protected":false},"excerpt":{"rendered":"<p>Lentes t\u00e9cnicos para monta\u00f1a, usados y en excelente estado.<\/p>\n","protected":false},"featured_media":4934,"template":"","meta":[],"product_brand":[63],"product_cat":[49],"product_tag":[50],"class_list":{"0":"post-4897","1":"product","2":"type-product","3":"status-publish","4":"has-post-thumbnail","6":"product_brand-julbo","7":"product_cat-accesorios-tecnicos","8":"product_tag-directo-del-dueno","10":"first","11":"instock","12":"shipping-taxable","13":"product-type-simple"},"_links":{"self":[{"href":"https:\/\/retechoutdoor.com.ar\/index.php\/wp-json\/wp\/v2\/product\/4897","targetHints":{"allow":["GET"]}}],"collection":[{"href":"https:\/\/retechoutdoor.com.ar\/index.php\/wp-json\/wp\/v2\/product"}],"about":[{"href":"https:\/\/retechoutdoor.com.ar\/index.php\/wp-json\/wp\/v2\/types\/product"}],"wp:featuredmedia":[{"embeddable":true,"href":"https:\/\/retechoutdoor.com.ar\/index.php\/wp-json\/wp\/v2\/media\/4934"}],"wp:attachment":[{"href":"https:\/\/retechoutdoor.com.ar\/index.php\/wp-json\/wp\/v2\/media?parent=4897"}],"wp:term":[{"taxonomy":"product_brand","embeddable":true,"href":"https:\/\/retechoutdoor.com.ar\/index.php\/wp-json\/wp\/v2\/product_brand?post=4897"},{"taxonomy":"product_cat","embeddable":true,"href":"https:\/\/retechoutdoor.com.ar\/index.php\/wp-json\/wp\/v2\/product_cat?post=4897"},{"taxonomy":"product_tag","embeddable":true,"href":"https:\/\/retechoutdoor.com.ar\/index.php\/wp-json\/wp\/v2\/product_tag?post=4897"}],"curies":[{"name":"wp","href":"https:\/\/api.w.org\/{rel}","templated":true}]}}