{"id":4903,"date":"2025-11-28T18:21:10","date_gmt":"2025-11-28T21:21:10","guid":{"rendered":"http:\/\/127.0.0.1\/retechoutdoor\/index.php\/producto\/chaleco-salvavidas-nrs-ninja\/"},"modified":"2025-11-29T09:58:15","modified_gmt":"2025-11-29T12:58:15","slug":"chaleco-salvavidas-nrs-ninja","status":"publish","type":"product","link":"https:\/\/retechoutdoor.com.ar\/index.php\/producto\/chaleco-salvavidas-nrs-ninja\/","title":{"rendered":"Chaleco Salvavidas NRS"},"content":{"rendered":"<p>Chaleco NRS, dise\u00f1o compacto y certificaci\u00f3n internacional, ideal para kayak, packraft y SUP. Cremalleras YKK y espuma de flotaci\u00f3n firme.<\/p>\n","protected":false},"excerpt":{"rendered":"<p>Chaleco de aguas r\u00e1pidas usado.<\/p>\n","protected":false},"featured_media":4944,"template":"","meta":[],"product_brand":[71],"product_cat":[48],"product_tag":[50],"class_list":{"0":"post-4903","1":"product","2":"type-product","3":"status-publish","4":"has-post-thumbnail","6":"product_brand-nrs","7":"product_cat-kayak-agua","8":"product_tag-directo-del-dueno","10":"first","11":"instock","12":"shipping-taxable","13":"product-type-simple"},"_links":{"self":[{"href":"https:\/\/retechoutdoor.com.ar\/index.php\/wp-json\/wp\/v2\/product\/4903","targetHints":{"allow":["GET"]}}],"collection":[{"href":"https:\/\/retechoutdoor.com.ar\/index.php\/wp-json\/wp\/v2\/product"}],"about":[{"href":"https:\/\/retechoutdoor.com.ar\/index.php\/wp-json\/wp\/v2\/types\/product"}],"wp:featuredmedia":[{"embeddable":true,"href":"https:\/\/retechoutdoor.com.ar\/index.php\/wp-json\/wp\/v2\/media\/4944"}],"wp:attachment":[{"href":"https:\/\/retechoutdoor.com.ar\/index.php\/wp-json\/wp\/v2\/media?parent=4903"}],"wp:term":[{"taxonomy":"product_brand","embeddable":true,"href":"https:\/\/retechoutdoor.com.ar\/index.php\/wp-json\/wp\/v2\/product_brand?post=4903"},{"taxonomy":"product_cat","embeddable":true,"href":"https:\/\/retechoutdoor.com.ar\/index.php\/wp-json\/wp\/v2\/product_cat?post=4903"},{"taxonomy":"product_tag","embeddable":true,"href":"https:\/\/retechoutdoor.com.ar\/index.php\/wp-json\/wp\/v2\/product_tag?post=4903"}],"curies":[{"name":"wp","href":"https:\/\/api.w.org\/{rel}","templated":true}]}}