{"id":4907,"date":"2025-11-28T18:21:12","date_gmt":"2025-11-28T21:21:12","guid":{"rendered":"http:\/\/127.0.0.1\/retechoutdoor\/index.php\/producto\/campera-the-north-face-insulated\/"},"modified":"2025-11-28T21:30:18","modified_gmt":"2025-11-29T00:30:18","slug":"campera-the-north-face-insulated","status":"publish","type":"product","link":"https:\/\/retechoutdoor.com.ar\/index.php\/producto\/campera-the-north-face-insulated\/","title":{"rendered":"Campera The North Face"},"content":{"rendered":"<p>Campera The North Face, con relleno sint\u00e9tico Heatseeker, capucha desmontable y bolsillos t\u00e9rmicos. Ideal para ski o monta\u00f1a en invierno. Talle XS<\/p>\n","protected":false},"excerpt":{"rendered":"<p>Campera t\u00e9rmica para nieve. Talle XS<\/p>\n","protected":false},"featured_media":4923,"template":"","meta":[],"product_brand":[59],"product_cat":[47],"product_tag":[50],"class_list":{"0":"post-4907","1":"product","2":"type-product","3":"status-publish","4":"has-post-thumbnail","6":"product_brand-the-north-face","7":"product_cat-ski-nieve","8":"product_tag-directo-del-dueno","10":"first","11":"instock","12":"shipping-taxable","13":"product-type-simple"},"_links":{"self":[{"href":"https:\/\/retechoutdoor.com.ar\/index.php\/wp-json\/wp\/v2\/product\/4907","targetHints":{"allow":["GET"]}}],"collection":[{"href":"https:\/\/retechoutdoor.com.ar\/index.php\/wp-json\/wp\/v2\/product"}],"about":[{"href":"https:\/\/retechoutdoor.com.ar\/index.php\/wp-json\/wp\/v2\/types\/product"}],"wp:featuredmedia":[{"embeddable":true,"href":"https:\/\/retechoutdoor.com.ar\/index.php\/wp-json\/wp\/v2\/media\/4923"}],"wp:attachment":[{"href":"https:\/\/retechoutdoor.com.ar\/index.php\/wp-json\/wp\/v2\/media?parent=4907"}],"wp:term":[{"taxonomy":"product_brand","embeddable":true,"href":"https:\/\/retechoutdoor.com.ar\/index.php\/wp-json\/wp\/v2\/product_brand?post=4907"},{"taxonomy":"product_cat","embeddable":true,"href":"https:\/\/retechoutdoor.com.ar\/index.php\/wp-json\/wp\/v2\/product_cat?post=4907"},{"taxonomy":"product_tag","embeddable":true,"href":"https:\/\/retechoutdoor.com.ar\/index.php\/wp-json\/wp\/v2\/product_tag?post=4907"}],"curies":[{"name":"wp","href":"https:\/\/api.w.org\/{rel}","templated":true}]}}