{"id":4908,"date":"2025-11-28T18:21:13","date_gmt":"2025-11-28T21:21:13","guid":{"rendered":"http:\/\/127.0.0.1\/retechoutdoor\/index.php\/producto\/pantalon-columbia-titanium-ski\/"},"modified":"2025-11-29T17:25:35","modified_gmt":"2025-11-29T20:25:35","slug":"pantalon-columbia-titanium-ski","status":"publish","type":"product","link":"https:\/\/retechoutdoor.com.ar\/index.php\/producto\/pantalon-columbia-titanium-ski\/","title":{"rendered":"Pantal\u00f3n Columbia Titanium Ski"},"content":{"rendered":"<p>Pantal\u00f3n Columbia Titanium con tecnolog\u00eda Omni-Tech, tiradores ajustables y reforzado en rodillas y tobillos. Perfecto para nieve y ski. Talle S<\/p>\n","protected":false},"excerpt":{"rendered":"<p>Pantal\u00f3n impermeable Columbia Titanium. Talle S<\/p>\n","protected":false},"featured_media":4909,"template":"","meta":[],"product_brand":[66],"product_cat":[47],"product_tag":[50],"class_list":{"0":"post-4908","1":"product","2":"type-product","3":"status-publish","4":"has-post-thumbnail","6":"product_brand-columbia","7":"product_cat-ski-nieve","8":"product_tag-directo-del-dueno","9":"pa_ubicacion-viedma-rio-negro","11":"first","12":"instock","13":"shipping-taxable","14":"product-type-simple"},"_links":{"self":[{"href":"https:\/\/retechoutdoor.com.ar\/index.php\/wp-json\/wp\/v2\/product\/4908","targetHints":{"allow":["GET"]}}],"collection":[{"href":"https:\/\/retechoutdoor.com.ar\/index.php\/wp-json\/wp\/v2\/product"}],"about":[{"href":"https:\/\/retechoutdoor.com.ar\/index.php\/wp-json\/wp\/v2\/types\/product"}],"wp:featuredmedia":[{"embeddable":true,"href":"https:\/\/retechoutdoor.com.ar\/index.php\/wp-json\/wp\/v2\/media\/4909"}],"wp:attachment":[{"href":"https:\/\/retechoutdoor.com.ar\/index.php\/wp-json\/wp\/v2\/media?parent=4908"}],"wp:term":[{"taxonomy":"product_brand","embeddable":true,"href":"https:\/\/retechoutdoor.com.ar\/index.php\/wp-json\/wp\/v2\/product_brand?post=4908"},{"taxonomy":"product_cat","embeddable":true,"href":"https:\/\/retechoutdoor.com.ar\/index.php\/wp-json\/wp\/v2\/product_cat?post=4908"},{"taxonomy":"product_tag","embeddable":true,"href":"https:\/\/retechoutdoor.com.ar\/index.php\/wp-json\/wp\/v2\/product_tag?post=4908"}],"curies":[{"name":"wp","href":"https:\/\/api.w.org\/{rel}","templated":true}]}}